{"id":1296,"date":"2012-03-19T14:20:49","date_gmt":"2012-03-19T13:20:49","guid":{"rendered":"http:\/\/www.hospederiasytu.es\/blog\/?page_id=1296"},"modified":"2024-10-01T07:31:26","modified_gmt":"2024-10-01T06:31:26","slug":"newsletter","status":"publish","type":"page","link":"https:\/\/www.hospederiasytu.es\/blog\/newsletter\/","title":{"rendered":"Club de ofertas"},"content":{"rendered":"<p style=\"text-align: center;\"><img loading=\"lazy\" decoding=\"async\" class=\"aligncenter wp-image-3871 size-full\" style=\"border-color: white;\" title=\"newsletter-ad\" src=\"https:\/\/www.hospederiasytu.es\/blog\/wp-content\/uploads\/2024\/10\/newsletter-ad-gris.jpg\" alt=\"Newsletter Hospeder\u00edas de Extremadura\" width=\"500\" height=\"500\" srcset=\"https:\/\/www.hospederiasytu.es\/blog\/wp-content\/uploads\/2024\/10\/newsletter-ad-gris.jpg 500w, https:\/\/www.hospederiasytu.es\/blog\/wp-content\/uploads\/2024\/10\/newsletter-ad-gris-300x300.jpg 300w, https:\/\/www.hospederiasytu.es\/blog\/wp-content\/uploads\/2024\/10\/newsletter-ad-gris-150x150.jpg 150w, https:\/\/www.hospederiasytu.es\/blog\/wp-content\/uploads\/2024\/10\/newsletter-ad-gris-450x450.jpg 450w, https:\/\/www.hospederiasytu.es\/blog\/wp-content\/uploads\/2024\/10\/newsletter-ad-gris-100x100.jpg 100w\" sizes=\"auto, (max-width: 500px) 100vw, 500px\" \/><\/p>\n<p>El Club de Ofertas de Hospeder\u00edas de Extremadura le ofrece ofertas exclusivas, que s\u00f3lo se encuentran disponibles para reservas directas.<\/p>\n<p>Nunca realizaremos m\u00e1s de dos env\u00edos al mes a la misma lista. A\u00fan as\u00ed, para darse de baja tan s\u00f3lo es necesario solicitarlo por correo electr\u00f3nico en la direcci\u00f3n mkonline@gebidexsa.es<\/p>\n<p style=\"text-align: center;\"><a href=\"https:\/\/news.hospederiasdeextremadura.es\/f\/rdWG9tC2FE8\"><strong>[ SUSCRIBIRSE ]<\/strong><\/a><\/p>\n<p>Consulte en detalle nuestra Pol\u00edtica de Privacidad y protecci\u00f3n de datos en: <a href=\"https:\/\/www.hospederiasdeextremadura.es\/es\/politica-de-privacidad\">https:\/\/www.hospederiasdeextremadura.es\/es\/politica-de-privacidad<\/a><\/p>\n<p><small>De conformidad con lo establecido en la Ley Org\u00e1nica n\u00ba 15\/1999, de Protecci\u00f3n de Datos de Car\u00e1cter Personal,\u00a0sus datos de car\u00e1cter personal ser\u00e1n incorporados a los ficheros de GEBIDEXSA S.A.U., con domicilio en C\/Benito Arias Montano, 1. Escalera 2, Planta 4. (Centro de Negocios de M\u00e9rida) 06800-M\u00e9rida (Badajoz), para\u00a0el tratamiento de los mismos con la finalidad de gestionar todas las cuestiones relacionadas con la prestaci\u00f3n\u00a0de bienes y servicios por parte de GEBIDEXSA, S.A.U. As\u00ed mismo, queda informado que podr\u00e1 ejercer los\u00a0derechos de acceso, rectificaci\u00f3n, cancelaci\u00f3n y oposici\u00f3n dirigi\u00e9ndose al responsable la direcci\u00f3n indicada\u00a0anteriormente.<\/small><\/p>\n","protected":false},"excerpt":{"rendered":"<p>El Club de Ofertas de Hospeder\u00edas de Extremadura le ofrece ofertas exclusivas, que s\u00f3lo se encuentran disponibles para reservas directas. Nunca realizaremos m\u00e1s de dos env\u00edos al mes a la misma lista. A\u00fan as\u00ed, para darse de baja tan s\u00f3lo es necesario solicitarlo por correo electr\u00f3nico en la direcci\u00f3n mkonline@gebidexsa.es [ SUSCRIBIRSE ] Consulte en [&hellip;]<\/p>\n","protected":false},"author":1,"featured_media":0,"parent":0,"menu_order":5,"comment_status":"closed","ping_status":"closed","template":"","meta":{"footnotes":""},"class_list":["post-1296","page","type-page","status-publish","hentry"],"_links":{"self":[{"href":"https:\/\/www.hospederiasytu.es\/blog\/wp-json\/wp\/v2\/pages\/1296","targetHints":{"allow":["GET"]}}],"collection":[{"href":"https:\/\/www.hospederiasytu.es\/blog\/wp-json\/wp\/v2\/pages"}],"about":[{"href":"https:\/\/www.hospederiasytu.es\/blog\/wp-json\/wp\/v2\/types\/page"}],"author":[{"embeddable":true,"href":"https:\/\/www.hospederiasytu.es\/blog\/wp-json\/wp\/v2\/users\/1"}],"replies":[{"embeddable":true,"href":"https:\/\/www.hospederiasytu.es\/blog\/wp-json\/wp\/v2\/comments?post=1296"}],"version-history":[{"count":16,"href":"https:\/\/www.hospederiasytu.es\/blog\/wp-json\/wp\/v2\/pages\/1296\/revisions"}],"predecessor-version":[{"id":3872,"href":"https:\/\/www.hospederiasytu.es\/blog\/wp-json\/wp\/v2\/pages\/1296\/revisions\/3872"}],"wp:attachment":[{"href":"https:\/\/www.hospederiasytu.es\/blog\/wp-json\/wp\/v2\/media?parent=1296"}],"curies":[{"name":"wp","href":"https:\/\/api.w.org\/{rel}","templated":true}]}}